{"id":2,"date":"2022-08-13T12:19:18","date_gmt":"2022-08-13T12:19:18","guid":{"rendered":"http:\/\/www.bimmanagement.eu\/?page_id=2"},"modified":"2022-10-17T22:22:44","modified_gmt":"2022-10-17T22:22:44","slug":"o-mnie","status":"publish","type":"page","link":"https:\/\/www.bimmanagement.eu\/index.php\/o-mnie\/","title":{"rendered":"o mnie"},"content":{"rendered":"\n<p>Pod koniec 2007, przypadkiem, a mo\u017ce i z pomoc\u0105 starego wygi z dziedziny projektowania architektonicznego odkry\u0142em moje zainteresowanie do cyfryzacji budownictwa. <\/p>\n\n\n\n<p>Pod\u0105\u017caj\u0105c t\u0105 kr\u0119t\u0105 i pe\u0142n\u0105 niespodzianek drog\u0105, goszcz\u0105c w biurach i du\u017cych firmach budowlanych szlifowa\u0142em rzemios\u0142o BIM-Menad\u017cera. <\/p>\n\n\n\n<p>Pocz\u0105wszy od domk\u00f3w jednorodzinnych, poprzez hotele i obiekty handlowe, po mosty, lotniska i unikatowe obiekty in\u017cynieryjne opieram moj\u0105 wiedz\u0119 na teorii i praktyce, aby m\u00f3c j\u0105 przekaza\u0107 dalej, upraszczaj\u0105c trudne \u017cycie inwestora, projektanta i wykonawcy. <\/p>\n","protected":false},"excerpt":{"rendered":"<p>Pod koniec 2007, przypadkiem, a mo\u017ce i z pomoc\u0105 starego wygi z dziedziny projektowania architektonicznego odkry\u0142em moje zainteresowanie do cyfryzacji budownictwa. Pod\u0105\u017caj\u0105c t\u0105 kr\u0119t\u0105 i pe\u0142n\u0105 niespodzianek drog\u0105, goszcz\u0105c w biurach i du\u017cych firmach budowlanych szlifowa\u0142em rzemios\u0142o BIM-Menad\u017cera. Pocz\u0105wszy od domk\u00f3w jednorodzinnych, poprzez hotele i obiekty handlowe, po mosty, lotniska i unikatowe obiekty in\u017cynieryjne opieram<\/p>\n","protected":false},"author":1,"featured_media":0,"parent":0,"menu_order":0,"comment_status":"closed","ping_status":"open","template":"","meta":{"footnotes":""},"class_list":["post-2","page","type-page","status-publish","hentry"],"_links":{"self":[{"href":"https:\/\/www.bimmanagement.eu\/index.php\/wp-json\/wp\/v2\/pages\/2","targetHints":{"allow":["GET"]}}],"collection":[{"href":"https:\/\/www.bimmanagement.eu\/index.php\/wp-json\/wp\/v2\/pages"}],"about":[{"href":"https:\/\/www.bimmanagement.eu\/index.php\/wp-json\/wp\/v2\/types\/page"}],"author":[{"embeddable":true,"href":"https:\/\/www.bimmanagement.eu\/index.php\/wp-json\/wp\/v2\/users\/1"}],"replies":[{"embeddable":true,"href":"https:\/\/www.bimmanagement.eu\/index.php\/wp-json\/wp\/v2\/comments?post=2"}],"version-history":[{"count":2,"href":"https:\/\/www.bimmanagement.eu\/index.php\/wp-json\/wp\/v2\/pages\/2\/revisions"}],"predecessor-version":[{"id":107,"href":"https:\/\/www.bimmanagement.eu\/index.php\/wp-json\/wp\/v2\/pages\/2\/revisions\/107"}],"wp:attachment":[{"href":"https:\/\/www.bimmanagement.eu\/index.php\/wp-json\/wp\/v2\/media?parent=2"}],"curies":[{"name":"wp","href":"https:\/\/api.w.org\/{rel}","templated":true}]}}