{"id":32,"date":"2022-10-17T20:10:55","date_gmt":"2022-10-17T20:10:55","guid":{"rendered":"http:\/\/www.bimmanagement.eu\/?page_id=32"},"modified":"2022-10-17T21:05:32","modified_gmt":"2022-10-17T21:05:32","slug":"bim","status":"publish","type":"page","link":"https:\/\/www.bimmanagement.eu\/","title":{"rendered":"BIM"},"content":{"rendered":"\n<p>Rita Mae Brown<\/p>\n\n\n\n<blockquote class=\"wp-block-quote is-layout-flow wp-block-quote-is-layout-flow\"><p><\/p><cite>&#8220;<strong><em>Szale\u0144stwo to ci\u0105g\u0142e robienie tego samego, ale oczekiwanie innych rezultat\u00f3w<\/em><\/strong>&#8220;<\/cite><\/blockquote>\n","protected":false},"excerpt":{"rendered":"<p>Rita Mae Brown &#8220;Szale\u0144stwo to ci\u0105g\u0142e robienie tego samego, ale oczekiwanie innych rezultat\u00f3w&#8220;<\/p>\n","protected":false},"author":1,"featured_media":0,"parent":0,"menu_order":0,"comment_status":"closed","ping_status":"closed","template":"","meta":{"footnotes":""},"class_list":["post-32","page","type-page","status-publish","hentry"],"_links":{"self":[{"href":"https:\/\/www.bimmanagement.eu\/index.php\/wp-json\/wp\/v2\/pages\/32","targetHints":{"allow":["GET"]}}],"collection":[{"href":"https:\/\/www.bimmanagement.eu\/index.php\/wp-json\/wp\/v2\/pages"}],"about":[{"href":"https:\/\/www.bimmanagement.eu\/index.php\/wp-json\/wp\/v2\/types\/page"}],"author":[{"embeddable":true,"href":"https:\/\/www.bimmanagement.eu\/index.php\/wp-json\/wp\/v2\/users\/1"}],"replies":[{"embeddable":true,"href":"https:\/\/www.bimmanagement.eu\/index.php\/wp-json\/wp\/v2\/comments?post=32"}],"version-history":[{"count":5,"href":"https:\/\/www.bimmanagement.eu\/index.php\/wp-json\/wp\/v2\/pages\/32\/revisions"}],"predecessor-version":[{"id":68,"href":"https:\/\/www.bimmanagement.eu\/index.php\/wp-json\/wp\/v2\/pages\/32\/revisions\/68"}],"wp:attachment":[{"href":"https:\/\/www.bimmanagement.eu\/index.php\/wp-json\/wp\/v2\/media?parent=32"}],"curies":[{"name":"wp","href":"https:\/\/api.w.org\/{rel}","templated":true}]}}